{"id":999,"date":"2025-04-03T16:16:20","date_gmt":"2025-04-03T14:16:20","guid":{"rendered":"https:\/\/chezalineetseb.com\/?page_id=999"},"modified":"2025-04-03T16:50:56","modified_gmt":"2025-04-03T14:50:56","slug":"conditions-generales-de-location","status":"publish","type":"page","link":"https:\/\/chezalineetseb.com\/index.php\/conditions-generales-de-location\/","title":{"rendered":"Conditions G\u00e9n\u00e9rales de Location Saisonni\u00e8re"},"content":{"rendered":"\n<p>Les pr\u00e9sentes conditions g\u00e9n\u00e9rales de location r\u00e9gissent la location du meubl\u00e9 de tourisme \u00ab Chez Aline &amp; Seb \u00bb, situ\u00e9 \u00e0 Boulogne-sur-Mer (62 200), accessible aux particuliers et aux entreprises par le site Internet www.chezalineetseb.com et ont pour objet de d\u00e9finir les droits et obligations du propri\u00e9taire et du locataire.<\/p>\n\n\n\n<p>Elles font partie int\u00e9grante du contrat de location saisonni\u00e8re qui lie le propri\u00e9taire et le locataire.<\/p>\n\n\n\n<p>Les pr\u00e9sentes conditions g\u00e9n\u00e9rales de location ont pour objet de fixer les dispositions contractuelles entre le bailleur et le locataire, dont les coordonn\u00e9es compl\u00e8tes doivent \u00eatre renseign\u00e9es sur le contrat de location.<\/p>\n\n\n\n<p>La r\u00e9servation du meubl\u00e9 de tourisme \u00e0 travers le pr\u00e9sent site implique une acceptation sans r\u00e9serve par le locataire des pr\u00e9sentes conditions de location. Une fois la demande de r\u00e9servation effectu\u00e9e, le contrat \u00e0 compl\u00e9ter sera alors transmis au locataire par mail ou courrier postal. <\/p>\n\n\n\n<h4 class=\"wp-block-heading\">1 &#8211; DISPOSITIONS GENERALES<\/h4>\n\n\n\n<p>Le locataire ne peut en aucune circonstance de pr\u00e9valoir d\u2019un quelconque droit de maintien dans les lieux \u00e0 l\u2019expiration de la p\u00e9riode initialement pr\u00e9vue sur le pr\u00e9sent contrat. Ce logement est lou\u00e9 pour une p\u00e9riode d\u00e9finie lors de la r\u00e9servation, d\u00e9termin\u00e9e dans le contrat de location.<\/p>\n\n\n\n<h4 class=\"wp-block-heading\">2 &#8211; PAIEMENT<\/h4>\n\n\n\n<p>La r\u00e9servation devient effective d\u00e8s lors que le locataire retourne un exemplaire du contrat sign\u00e9, accompagn\u00e9 du r\u00e8glement. Ce r\u00e8glement doit \u00eatre effectu\u00e9 au moins 15 jours avant l\u2019entr\u00e9e effective dans le logement, \u00e0 d\u00e9faut, le logement sera consid\u00e9r\u00e9 comme non r\u00e9serv\u00e9 et disponible \u00e0 d\u2019autres locataires.<\/p>\n\n\n\n<h5 class=\"wp-block-heading\">3 &#8211; REGLEMENT<\/h5>\n\n\n\n<p>Le locataire utilise la location d\u2019une mani\u00e8re paisible et en fait bon usage, conform\u00e9ment \u00e0 la destination des lieux. La location ne peut en aucun cas b\u00e9n\u00e9ficier \u00e0 des tiers.<br>Le logement est non-fumeur, et les animaux ne sont pas accept\u00e9s.<br>La cuisine doit \u00eatre propre et rang\u00e9e et restitu\u00e9e dans l\u2019\u00e9tat de propret\u00e9 dans lequel elle \u00e9tait \u00e0 votre arriv\u00e9e. Toute la vaisselle ainsi que les \u00e9quipements tels que machine \u00e0 caf\u00e9, four, micro onde et frigo doivent \u00eatre nettoy\u00e9s. Le linge sale doit \u00eatre rassembl\u00e9 (linge de lit\/serviettes\/torchon). Les poubelles doivent \u00eatre \u00e9vacu\u00e9es.<\/p>\n\n\n\n<h4 class=\"wp-block-heading\">4 &#8211; NOMBRE D\u2019OCCUPANTS<\/h4>\n\n\n\n<p>Les locaux faisant l\u2019objet de la pr\u00e9sente location ne doivent, sous aucun pr\u00e9texte, \u00eatre occup\u00e9s par un nombre de personnes sup\u00e9rieure \u00e0 celui indiqu\u00e9 lors de la r\u00e9servation, sauf accord pr\u00e9alable du propri\u00e9taire. Le cas \u00e9ch\u00e9ant, le bailleur pourra r\u00e9clamer un suppl\u00e9ment de loyer, ou refuser l\u2019entr\u00e9e dans les lieux.<br>Les f\u00eates et les grands rassemblements de toutes sortes sont formellement interdits.<\/p>\n\n\n\n<h4 class=\"wp-block-heading\">5 &#8211; ETAT DES LIEUX ET INVENTAIRE<\/h4>\n\n\n\n<p>Le locataire a 24h apr\u00e8s son arriv\u00e9e pour signaler tout probl\u00e8me ou manquement quant au logement ou \u00e0 ses \u00e9quipements. Un \u00e9tat des lieux de sortie est effectu\u00e9 \u00e0 la fin du s\u00e9jour lors de la r\u00e9cup\u00e9ration des cl\u00e9s par le loueur.<\/p>\n\n\n\n<h4 class=\"wp-block-heading\">6 &#8211; CONDITIONS DE RESILIATION<\/h4>\n\n\n\n<p>Toute annulation doit \u00eatre notifi\u00e9e dans les plus brefs d\u00e9lais.<br>En cas d&rsquo;annulation 14 jours avant l&rsquo;arriv\u00e9e, aucuns frais ne sont retenus.<br>Si la r\u00e9servation est annul\u00e9e entre 14 jours et 7 jours avant l&rsquo;arriv\u00e9e, les frais s&rsquo;\u00e9l\u00e8vent \u00e0 50 % du montant de la<br>r\u00e9servation.<br>En cas d&rsquo;annulation moins de 7 jours avant l&rsquo;arriv\u00e9e, les frais s&rsquo;\u00e9l\u00e8vent \u00e0 100 % du montant de la r\u00e9servation.<\/p>\n\n\n\n<h4 class=\"wp-block-heading\">7 &#8211; DEPOT DE GARANTIE<\/h4>\n\n\n\n<p>A la r\u00e9servation, un d\u00e9p\u00f4t de garantie est demand\u00e9 par le loueur. Son montant ne peut exc\u00e9der le co\u00fbt total de la location. Sa restitution est effectu\u00e9e sous 15 jours maximum apr\u00e8s la date de fin du s\u00e9jour. En cas de d\u00e9g\u00e2ts constat\u00e9s lors de l\u2019\u00e9tat des lieux de sortie, une partie de ce d\u00e9p\u00f4t pourra \u00eatre conserv\u00e9e afin de couvrir les frais de remise en \u00e9tat.<\/p>\n\n\n\n<h4 class=\"wp-block-heading\">8 &#8211; INTERRUPTION DU SEJOUR<\/h4>\n\n\n\n<p>En cas d\u2019interruption anticip\u00e9e du s\u00e9jour par le locataire, ne relevant pas du cas de force majeure, il ne sera proc\u00e9d\u00e9 \u00e0 aucun remboursement. Le cas de force majeur est reconnu si le locataire justifie de motif grave rendant impossible le d\u00e9roulement total de la location. Dans ce cas, le loueur peut proc\u00e9der \u00e0 la restitution des sommes d\u00e9j\u00e0 vers\u00e9es, correspondant au prorata de la dur\u00e9e d\u2019occupation non effectu\u00e9e.<\/p>\n\n\n\n<h4 class=\"wp-block-heading\">9 &#8211; LITIGES OU RECLAMATIONS<\/h4>\n\n\n\n<p>Si la r\u00e9clamation porte sur l\u2019\u00e9tat des lieux ou l\u2019\u00e9tat descriptif de la location, elle doit alors \u00eatre formul\u00e9e, par \u00e9crit, dans les sept jours qui suivent l\u2019arriv\u00e9e. Le loueur et le locataire doivent favoriser le r\u00e8glement amiable. Pour d\u2019autres contestations, le locataire peut saisir, sans limite, un organisme repr\u00e9sentatif.<\/p>\n","protected":false},"excerpt":{"rendered":"<p>Les pr\u00e9sentes conditions g\u00e9n\u00e9rales de location r\u00e9gissent la location du meubl\u00e9 de tourisme \u00ab Chez Aline &amp; Seb \u00bb, situ\u00e9 \u00e0 Boulogne-sur-Mer (62 200), accessible aux particuliers et aux entreprises par le site Internet www.chezalineetseb.com et ont pour objet de d\u00e9finir les droits et obligations du propri\u00e9taire et du locataire. Elles font partie int\u00e9grante du&hellip;&nbsp;<a href=\"https:\/\/chezalineetseb.com\/index.php\/conditions-generales-de-location\/\" class=\"\" rel=\"bookmark\">Lire la suite &raquo;<span class=\"screen-reader-text\">Conditions G\u00e9n\u00e9rales de Location Saisonni\u00e8re<\/span><\/a><\/p>\n","protected":false},"author":1,"featured_media":0,"parent":0,"menu_order":0,"comment_status":"closed","ping_status":"closed","template":"","meta":{"neve_meta_sidebar":"","neve_meta_container":"","neve_meta_enable_content_width":"","neve_meta_content_width":0,"neve_meta_title_alignment":"","neve_meta_author_avatar":"","neve_post_elements_order":"","neve_meta_disable_header":"","neve_meta_disable_footer":"","neve_meta_disable_title":"","pgc_sgb_lightbox_settings":"","_themeisle_gutenberg_block_has_review":false,"footnotes":""},"class_list":["post-999","page","type-page","status-publish","hentry"],"aioseo_notices":[],"_links":{"self":[{"href":"https:\/\/chezalineetseb.com\/index.php\/wp-json\/wp\/v2\/pages\/999","targetHints":{"allow":["GET"]}}],"collection":[{"href":"https:\/\/chezalineetseb.com\/index.php\/wp-json\/wp\/v2\/pages"}],"about":[{"href":"https:\/\/chezalineetseb.com\/index.php\/wp-json\/wp\/v2\/types\/page"}],"author":[{"embeddable":true,"href":"https:\/\/chezalineetseb.com\/index.php\/wp-json\/wp\/v2\/users\/1"}],"replies":[{"embeddable":true,"href":"https:\/\/chezalineetseb.com\/index.php\/wp-json\/wp\/v2\/comments?post=999"}],"version-history":[{"count":9,"href":"https:\/\/chezalineetseb.com\/index.php\/wp-json\/wp\/v2\/pages\/999\/revisions"}],"predecessor-version":[{"id":1013,"href":"https:\/\/chezalineetseb.com\/index.php\/wp-json\/wp\/v2\/pages\/999\/revisions\/1013"}],"wp:attachment":[{"href":"https:\/\/chezalineetseb.com\/index.php\/wp-json\/wp\/v2\/media?parent=999"}],"curies":[{"name":"wp","href":"https:\/\/api.w.org\/{rel}","templated":true}]}}