{"id":793,"date":"2023-10-03T17:10:58","date_gmt":"2023-10-03T15:10:58","guid":{"rendered":"https:\/\/chezalineetseb.com\/?page_id=793"},"modified":"2025-04-04T10:59:09","modified_gmt":"2025-04-04T08:59:09","slug":"politique-confidentialite","status":"publish","type":"page","link":"https:\/\/chezalineetseb.com\/index.php\/politique-confidentialite\/","title":{"rendered":"Politique de confidentialit\u00e9"},"content":{"rendered":"\n<p>Les donn\u00e9es \u00e0 caract\u00e8re personnel demand\u00e9es au voyageur lors de demande de r\u00e9servation sont indispensables \u00e0 la passation de celle-ci.<br>A tout moment, vous avez le droit de r\u00e9cup\u00e9rer, de demander la modification, la rectification, ou l&rsquo;effacement des donn\u00e9es que vous avez fournies sur notre site, en nous contactant gr\u00e2ce au formulaire.<\/p>\n\n\n\n<p><\/p>\n\n\n\n<h1 class=\"wp-block-heading\"><strong>Mentions l\u00e9gales<\/strong><\/h1>\n\n\n\n<p>Conform\u00e9ment \u00e0 l\u2019article n\u00b06 de la Loi n\u00b02004-575 du 21 Juin 2004 pour la confiance dans l\u2019\u00e9conomie num\u00e9rique, les responsables du pr\u00e9sent site internet&nbsp;<a href=\"https:\/\/chezalineetseb.com\/\" title=\"\">https:\/\/chezalineetseb.com<\/a>&nbsp;sont :<\/p>\n\n\n\n<p><strong>\u00c9diteur du Site :<\/strong><\/p>\n\n\n\n<p>Chez Aline &amp; Seb<br>Num\u00e9ro de SIRET :84425165200021<\/p>\n\n\n\n<p><strong>H\u00e9bergement :<\/strong><\/p>\n\n\n\n<p>OVH<br>SAS au capital de 10 069 020 \u20ac<br>RCS Lille M\u00e9tropole 424 761 419 00045<br>Code APE 2620Z<br>N\u00b0 TVA : FR 22 424 761 419<br>Si\u00e8ge social : 2 rue Kellermann \u2013 59100 Roubaix \u2013 France<\/p>\n","protected":false},"excerpt":{"rendered":"<p>Les donn\u00e9es \u00e0 caract\u00e8re personnel demand\u00e9es au voyageur lors de demande de r\u00e9servation sont indispensables \u00e0 la passation de celle-ci.A tout moment, vous avez le droit de r\u00e9cup\u00e9rer, de demander la modification, la rectification, ou l&rsquo;effacement des donn\u00e9es que vous avez fournies sur notre site, en nous contactant gr\u00e2ce au formulaire. Mentions l\u00e9gales Conform\u00e9ment \u00e0&hellip;&nbsp;<a href=\"https:\/\/chezalineetseb.com\/index.php\/politique-confidentialite\/\" class=\"\" rel=\"bookmark\">Lire la suite &raquo;<span class=\"screen-reader-text\">Politique de confidentialit\u00e9<\/span><\/a><\/p>\n","protected":false},"author":1,"featured_media":0,"parent":0,"menu_order":0,"comment_status":"closed","ping_status":"closed","template":"","meta":{"neve_meta_sidebar":"","neve_meta_container":"","neve_meta_enable_content_width":"","neve_meta_content_width":0,"neve_meta_title_alignment":"","neve_meta_author_avatar":"","neve_post_elements_order":"","neve_meta_disable_header":"","neve_meta_disable_footer":"","neve_meta_disable_title":"","pgc_sgb_lightbox_settings":"","_themeisle_gutenberg_block_has_review":false,"footnotes":""},"class_list":["post-793","page","type-page","status-publish","hentry"],"aioseo_notices":[],"_links":{"self":[{"href":"https:\/\/chezalineetseb.com\/index.php\/wp-json\/wp\/v2\/pages\/793","targetHints":{"allow":["GET"]}}],"collection":[{"href":"https:\/\/chezalineetseb.com\/index.php\/wp-json\/wp\/v2\/pages"}],"about":[{"href":"https:\/\/chezalineetseb.com\/index.php\/wp-json\/wp\/v2\/types\/page"}],"author":[{"embeddable":true,"href":"https:\/\/chezalineetseb.com\/index.php\/wp-json\/wp\/v2\/users\/1"}],"replies":[{"embeddable":true,"href":"https:\/\/chezalineetseb.com\/index.php\/wp-json\/wp\/v2\/comments?post=793"}],"version-history":[{"count":7,"href":"https:\/\/chezalineetseb.com\/index.php\/wp-json\/wp\/v2\/pages\/793\/revisions"}],"predecessor-version":[{"id":1049,"href":"https:\/\/chezalineetseb.com\/index.php\/wp-json\/wp\/v2\/pages\/793\/revisions\/1049"}],"wp:attachment":[{"href":"https:\/\/chezalineetseb.com\/index.php\/wp-json\/wp\/v2\/media?parent=793"}],"curies":[{"name":"wp","href":"https:\/\/api.w.org\/{rel}","templated":true}]}}