{"id":423,"date":"2021-02-12T10:18:40","date_gmt":"2021-02-12T09:18:40","guid":{"rendered":"https:\/\/demosites.io\/neve-3\/?page_id=7"},"modified":"2024-11-11T16:08:46","modified_gmt":"2024-11-11T15:08:46","slug":"acces","status":"publish","type":"page","link":"https:\/\/chezalineetseb.com\/index.php\/acces\/","title":{"rendered":"Situation g\u00e9ographique"},"content":{"rendered":"\n<p><\/p>\n\n\n\n<div class=\"wp-block-columns is-layout-flex wp-container-core-columns-is-layout-9d6595d7 wp-block-columns-is-layout-flex\">\n<div class=\"wp-block-column is-layout-flow wp-block-column-is-layout-flow\">\n<p><\/p>\n\n\n\n<p>L&rsquo;appartement est situ\u00e9 aux portes du centre ville de Boulogne-sur-Mer, dans le quartier des Tintelleries.<\/p>\n\n\n\n<p><\/p>\n<\/div>\n\n\n\n<div class=\"wp-block-column is-layout-flow wp-block-column-is-layout-flow\"><div class=\"wp-block-image\">\n<figure class=\"aligncenter size-full\"><img loading=\"lazy\" decoding=\"async\" width=\"640\" height=\"360\" src=\"https:\/\/chezalineetseb.com\/wp-content\/uploads\/2023\/10\/P18955227D3609686G.webp\" alt=\"Plan Situation\" class=\"wp-image-539\" srcset=\"https:\/\/chezalineetseb.com\/wp-content\/uploads\/2023\/10\/P18955227D3609686G.webp 640w, https:\/\/chezalineetseb.com\/wp-content\/uploads\/2023\/10\/P18955227D3609686G-300x169.webp 300w\" sizes=\"auto, (max-width: 640px) 100vw, 640px\" \/><\/figure>\n<\/div><\/div>\n<\/div>\n\n\n\n<p>Son emplacement id\u00e9al vous permettra de d\u00e9couvrir facilement la Vieille Ville, sa Basilique Notre Dame, ses Remparts, Nausicaa (aquarium le plus grand d\u2019Europe). <\/p>\n\n\n\n<p>Un peu plus loin, en voiture ou en bus, venez visiter les plus belles stations baln\u00e9aires et leurs plages de sable fin (Wimereux, Equihen, Wissant), ainsi que les plus beaux sites naturels de la r\u00e9gion (caps Blanc-Nez et Gris-Nez, Ch\u00e2teau d&rsquo;Hardelot, dunes d&rsquo;Ecault, etc)<\/p>\n\n\n\n<p><\/p>\n\n\n\n<h2 class=\"wp-block-heading\">Acc\u00e8s en voiture<\/h2>\n\n\n\n<p>Boulogne-sur-Mer est accessible depuis l&rsquo;autoroute A26, ou par la RN 42.<\/p>\n\n\n\n<p>Il vous est possible de vous garer dans la rue gratuitement, et un\u00a0parking payant de 300 places (Parking de de l&rsquo;Esplanade Mariette) se situe \u00e0 moins de 150 m\u00e8tres.<\/p>\n\n\n\n<h2 class=\"wp-block-heading\">Acc\u00e8s en train<\/h2>\n\n\n\n<p>La gare ferroviaire de Boulogne-Ville est desservie par les lignes TGV et TER en provenance de Paris Nord, Amiens, Calais et Lille. La ligne de bus A desservant la Gare vous am\u00e8nera \u00e0 moins de 100m de l&rsquo;appartement (descendre \u00e0 l&rsquo;arr\u00eat Saint-Michel).<\/p>\n\n\n\n<p>La gare des Tintelleries, situ\u00e9e \u00e0 moins de 200 m\u00e8tres de l&rsquo;appartement, est desservie par certains trains r\u00e9gionaux TER.<\/p>\n\n\n\n<h2 class=\"wp-block-heading\">Se d\u00e9placer en bus<\/h2>\n\n\n\n<p>L&rsquo;Agglom\u00e9ration de Boulogne-sur-Mer offre un vaste r\u00e9seau de bus et navettes s&rsquo;\u00e9tendant jusqu&rsquo;aux stations baln\u00e9aires de Wimereux et Equihen. Vous trouverez plus d&rsquo;informations sur le r\u00e9seau Marin\u00e9o <a data-type=\"link\" data-id=\"https:\/\/www.marineo.fr\/\" href=\"https:\/\/www.marineo.fr\/\">ici<\/a>. <\/p>\n\n\n\n<div class=\"wp-block-columns is-layout-flex wp-container-core-columns-is-layout-9d6595d7 wp-block-columns-is-layout-flex\">\n<div class=\"wp-block-column is-layout-flow wp-block-column-is-layout-flow\">\n<h4 class=\"wp-block-heading\"><em>Accessibilit\u00e9 du logement<\/em><\/h4>\n\n\n\n<p><em>Situ\u00e9 au troisi\u00e8me et dernier \u00e9tage, ce logement n&rsquo;est pas adapt\u00e9 aux personnes \u00e0 mobilit\u00e9 r\u00e9duite.<\/em><\/p>\n<\/div>\n<\/div>\n","protected":false},"excerpt":{"rendered":"<p>L&rsquo;appartement est situ\u00e9 aux portes du centre ville de Boulogne-sur-Mer, dans le quartier des Tintelleries. Son emplacement id\u00e9al vous permettra de d\u00e9couvrir facilement la Vieille Ville, sa Basilique Notre Dame, ses Remparts, Nausicaa (aquarium le plus grand d\u2019Europe). Un peu plus loin, en voiture ou en bus, venez visiter les plus belles stations baln\u00e9aires et&hellip;&nbsp;<a href=\"https:\/\/chezalineetseb.com\/index.php\/acces\/\" class=\"\" rel=\"bookmark\">Lire la suite &raquo;<span class=\"screen-reader-text\">Situation g\u00e9ographique<\/span><\/a><\/p>\n","protected":false},"author":1,"featured_media":0,"parent":0,"menu_order":0,"comment_status":"closed","ping_status":"closed","template":"","meta":{"neve_meta_sidebar":"full-width","neve_meta_container":"","neve_meta_enable_content_width":"on","neve_meta_content_width":60,"neve_meta_title_alignment":"","neve_meta_author_avatar":"","neve_post_elements_order":"","neve_meta_disable_header":"","neve_meta_disable_footer":"","neve_meta_disable_title":"off","pgc_sgb_lightbox_settings":"","_themeisle_gutenberg_block_has_review":false,"footnotes":""},"class_list":["post-423","page","type-page","status-publish","hentry"],"aioseo_notices":[],"_links":{"self":[{"href":"https:\/\/chezalineetseb.com\/index.php\/wp-json\/wp\/v2\/pages\/423","targetHints":{"allow":["GET"]}}],"collection":[{"href":"https:\/\/chezalineetseb.com\/index.php\/wp-json\/wp\/v2\/pages"}],"about":[{"href":"https:\/\/chezalineetseb.com\/index.php\/wp-json\/wp\/v2\/types\/page"}],"author":[{"embeddable":true,"href":"https:\/\/chezalineetseb.com\/index.php\/wp-json\/wp\/v2\/users\/1"}],"replies":[{"embeddable":true,"href":"https:\/\/chezalineetseb.com\/index.php\/wp-json\/wp\/v2\/comments?post=423"}],"version-history":[{"count":24,"href":"https:\/\/chezalineetseb.com\/index.php\/wp-json\/wp\/v2\/pages\/423\/revisions"}],"predecessor-version":[{"id":843,"href":"https:\/\/chezalineetseb.com\/index.php\/wp-json\/wp\/v2\/pages\/423\/revisions\/843"}],"wp:attachment":[{"href":"https:\/\/chezalineetseb.com\/index.php\/wp-json\/wp\/v2\/media?parent=423"}],"curies":[{"name":"wp","href":"https:\/\/api.w.org\/{rel}","templated":true}]}}