{"id":2,"date":"2023-09-26T14:42:35","date_gmt":"2023-09-26T12:42:35","guid":{"rendered":"http:\/\/chezalineetseb.com\/?page_id=2"},"modified":"2025-08-17T12:59:21","modified_gmt":"2025-08-17T10:59:21","slug":"appartement","status":"publish","type":"page","link":"https:\/\/chezalineetseb.com\/index.php\/appartement\/","title":{"rendered":"L&rsquo;appartement"},"content":{"rendered":"\n<div class=\"wp-block-columns is-layout-flex wp-container-core-columns-is-layout-9d6595d7 wp-block-columns-is-layout-flex\">\n<div class=\"wp-block-column is-layout-flow wp-block-column-is-layout-flow\">\n<p><\/p>\n\n\n\n<h2 class=\"wp-block-heading\">Moderne et tr\u00e8s bien \u00e9quip\u00e9.<\/h2>\n\n\n\n<p>Notre appartement neuf, moderne, et tr\u00e8s bien \u00e9quip\u00e9 vous offre tout le confort n\u00e9cessaire pour un agr\u00e9able s\u00e9jour. Cuisine enti\u00e8rement \u00e9quip\u00e9e, chambre spacieuse et lumineuse avec un lit 160 x 200 cm de qualit\u00e9, salon confortable, salle de bains et WC s\u00e9par\u00e9s, cellier pour ranger vos courses, isolation et insonorisation performante, tout est r\u00e9uni pour que votre s\u00e9jour se d\u00e9roule dans les meilleures conditions.<\/p>\n\n\n\n<p>Appartement id\u00e9al pour 2 personnes, nous nous ferons un plaisir de vous accueillir avec votre b\u00e9b\u00e9 ou enfant en bas \u00e2ge. Nous mettrons \u00e0 votre disposition une chaise haute ainsi qu&rsquo;un lit parapluie avec matelas de qualit\u00e9 sur simple demande.<\/p>\n\n\n\n<p><\/p>\n<\/div>\n\n\n\n<div class=\"wp-block-column is-layout-flow wp-block-column-is-layout-flow\">\n<figure class=\"wp-block-image size-large is-resized is-style-rounded\"><img loading=\"lazy\" decoding=\"async\" width=\"1024\" height=\"768\" src=\"https:\/\/chezalineetseb.com\/wp-content\/uploads\/2023\/09\/photo1-1024x768.webp\" alt=\"\" class=\"wp-image-460\" style=\"width:472px;height:354px\" srcset=\"https:\/\/chezalineetseb.com\/wp-content\/uploads\/2023\/09\/photo1-1024x768.webp 1024w, https:\/\/chezalineetseb.com\/wp-content\/uploads\/2023\/09\/photo1-300x225.webp 300w, https:\/\/chezalineetseb.com\/wp-content\/uploads\/2023\/09\/photo1-768x576.webp 768w, https:\/\/chezalineetseb.com\/wp-content\/uploads\/2023\/09\/photo1.webp 1200w\" sizes=\"auto, (max-width: 1024px) 100vw, 1024px\" \/><\/figure>\n<\/div>\n<\/div>\n\n\n\n<p>Pour votre bien-\u00eatre, notre appartement a obtenu 2 \u00e9toiles au classement Meubl\u00e9 de Tourisme.<\/p>\n\n\n\n<h2 class=\"wp-block-heading\">Les services inclus<\/h2>\n\n\n\n<p><\/p>\n\n\n\n<ul class=\"wp-block-list\">\n<li>Fourniture du linge de lits, serviettes de bains, torchon et essuie-main, papier toilettes, papier essuie-tout<\/li>\n\n\n\n<li>Service de m\u00e9nage en fin de s\u00e9jour (toutefois la cuisine doit \u00eatre propre et rang\u00e9e, linges retir\u00e9s et r\u00e9unis, poubelles \u00e9vacu\u00e9es)<\/li>\n\n\n\n<li>Arriv\u00e9e autonome par syst\u00e8me de bo\u00eete \u00e0 clef s\u00e9curis\u00e9e<\/li>\n\n\n\n<li>Abonnement Netflix d\u00e9di\u00e9 uniquement au logement<\/li>\n\n\n\n<li>Acc\u00e8s Wifi et prises Ethernet disponible dans le logement (Raccordement par Fibre optique)<\/li>\n\n\n\n<li>Machine \u00e0 Expresso avec capsules fournies<\/li>\n<\/ul>\n\n\n\n<p><\/p>\n\n\n\n<h2 class=\"wp-block-heading\">Equipements mis \u00e0 disposition<\/h2>\n\n\n\n<p>La chambre est \u00e9quip\u00e9e d&rsquo;un matelas 160 x 200cm de qualit\u00e9, d&rsquo;un dressing avec cintres, d&rsquo;une commode, de stores occultants et tamisants.<\/p>\n\n\n\n<p>Le salon est compos\u00e9 d&rsquo;un canap\u00e9 3 personnes, d&rsquo;une TV 4K 50 pouces (127 cm) avec abonnement Netflix et acc\u00e8s aux chaines de la TNT.<\/p>\n\n\n\n<p>La cuisine est \u00e9quip\u00e9e :<\/p>\n\n\n\n<ul class=\"wp-block-list\">\n<li>d&rsquo;un grand frigo avec compartiment cong\u00e9lateur<\/li>\n\n\n\n<li>d&rsquo;un four \u00e0 chaleur tournante<\/li>\n\n\n\n<li>d&rsquo;un four micro-ondes<\/li>\n\n\n\n<li>d&rsquo;une plaque de cuisson vitroc\u00e9ramique 2 feux<\/li>\n\n\n\n<li>d&rsquo;un lave-linge<\/li>\n\n\n\n<li>d&rsquo;une hotte aspirante<\/li>\n\n\n\n<li>d&rsquo;un \u00e9vier avec grand bac<\/li>\n\n\n\n<li>des ustensiles de cuisine et couverts<\/li>\n\n\n\n<li>d&rsquo;une machine \u00e0 Expresso <\/li>\n\n\n\n<li>d&rsquo;une balance \u00e9lectronique, d&rsquo;un appareil \u00e0 croque-monsieur<\/li>\n\n\n\n<li>d&rsquo;une bouilloire<\/li>\n\n\n\n<li>d&rsquo;un grille-pain<\/li>\n<\/ul>\n\n\n\n<p>La salle d&rsquo;eau est \u00e9quip\u00e9e d&rsquo;une douche 80 x 80 cm, d&rsquo;un miroir LED avec fonction de d\u00e9sembuage, d&rsquo;un s\u00e8che-cheveux. Les WCs sont s\u00e9par\u00e9s.<\/p>\n\n\n\n<p>Un cellier vous permettra de ranger vos courses et comprend :<\/p>\n\n\n\n<ul class=\"wp-block-list\">\n<li>un aspirateur<\/li>\n\n\n\n<li>une table et un fer \u00e0 repasser, un \u00e9tendoir \u00e0 linge<\/li>\n\n\n\n<li>un balai, une serpill\u00e8re, un saut et des produits d&rsquo;entretien courants<\/li>\n\n\n\n<li>un ventilateur<\/li>\n\n\n\n<li>une chaise haute et un lit parapluie<\/li>\n\n\n\n<li>un parasol de plage<\/li>\n<\/ul>\n","protected":false},"excerpt":{"rendered":"<p>Moderne et tr\u00e8s bien \u00e9quip\u00e9. Notre appartement neuf, moderne, et tr\u00e8s bien \u00e9quip\u00e9 vous offre tout le confort n\u00e9cessaire pour un agr\u00e9able s\u00e9jour. Cuisine enti\u00e8rement \u00e9quip\u00e9e, chambre spacieuse et lumineuse avec un lit 160 x 200 cm de qualit\u00e9, salon confortable, salle de bains et WC s\u00e9par\u00e9s, cellier pour ranger vos courses, isolation et insonorisation&hellip;&nbsp;<a href=\"https:\/\/chezalineetseb.com\/index.php\/appartement\/\" class=\"\" rel=\"bookmark\">Lire la suite &raquo;<span class=\"screen-reader-text\">L&rsquo;appartement<\/span><\/a><\/p>\n","protected":false},"author":1,"featured_media":0,"parent":0,"menu_order":0,"comment_status":"closed","ping_status":"closed","template":"","meta":{"neve_meta_sidebar":"","neve_meta_container":"","neve_meta_enable_content_width":"","neve_meta_content_width":0,"neve_meta_title_alignment":"","neve_meta_author_avatar":"","neve_post_elements_order":"","neve_meta_disable_header":"","neve_meta_disable_footer":"","neve_meta_disable_title":"","pgc_sgb_lightbox_settings":"","_themeisle_gutenberg_block_has_review":false,"footnotes":""},"class_list":["post-2","page","type-page","status-publish","hentry"],"aioseo_notices":[],"_links":{"self":[{"href":"https:\/\/chezalineetseb.com\/index.php\/wp-json\/wp\/v2\/pages\/2","targetHints":{"allow":["GET"]}}],"collection":[{"href":"https:\/\/chezalineetseb.com\/index.php\/wp-json\/wp\/v2\/pages"}],"about":[{"href":"https:\/\/chezalineetseb.com\/index.php\/wp-json\/wp\/v2\/types\/page"}],"author":[{"embeddable":true,"href":"https:\/\/chezalineetseb.com\/index.php\/wp-json\/wp\/v2\/users\/1"}],"replies":[{"embeddable":true,"href":"https:\/\/chezalineetseb.com\/index.php\/wp-json\/wp\/v2\/comments?post=2"}],"version-history":[{"count":22,"href":"https:\/\/chezalineetseb.com\/index.php\/wp-json\/wp\/v2\/pages\/2\/revisions"}],"predecessor-version":[{"id":1430,"href":"https:\/\/chezalineetseb.com\/index.php\/wp-json\/wp\/v2\/pages\/2\/revisions\/1430"}],"wp:attachment":[{"href":"https:\/\/chezalineetseb.com\/index.php\/wp-json\/wp\/v2\/media?parent=2"}],"curies":[{"name":"wp","href":"https:\/\/api.w.org\/{rel}","templated":true}]}}